{"id":746,"date":"2018-09-05T12:33:49","date_gmt":"2018-09-05T12:33:49","guid":{"rendered":"https:\/\/seedomatic.es\/?page_id=746"},"modified":"2020-10-01T08:12:47","modified_gmt":"2020-10-01T08:12:47","slug":"wall-of-fame","status":"publish","type":"page","link":"https:\/\/seedomatic.es\/?page_id=746","title":{"rendered":"Wall of fame"},"content":{"rendered":"<p>[et_pb_section fb_built=\u00bb1&#8243; _builder_version=\u00bb3.22&#8243; background_image=\u00bbhttps:\/\/seedomatic.es\/wp-content\/uploads\/2018\/09\/muro.jpg\u00bb][et_pb_row _builder_version=\u00bb3.25&#8243; background_size=\u00bbinitial\u00bb background_position=\u00bbtop_left\u00bb background_repeat=\u00bbrepeat\u00bb][et_pb_column type=\u00bb4_4&#8243; _builder_version=\u00bb3.25&#8243; custom_padding=\u00bb|||\u00bb custom_padding__hover=\u00bb|||\u00bb][et_pb_text admin_label=\u00bblogo\u00bb _builder_version=\u00bb3.27.4&#8243;]<\/p>\n<p>\n<img loading=\"lazy\" decoding=\"async\" class=\"size-full wp-image-760 aligncenter\" src=\"https:\/\/seedomatic.es\/wp-content\/uploads\/2018\/09\/wall-of-fame-1.png\" alt=\"\" width=\"700\" height=\"583\" \/><\/p>\n<p>[\/et_pb_text][et_pb_text _builder_version=\u00bb4.2.2&#8243;]<\/p>\n<h1 style=\"text-align: center;\"><strong>M\u00c1S VENDIDAS <\/strong><strong>2020<\/strong><\/h1>\n<p>[\/et_pb_text][\/et_pb_column][\/et_pb_row][et_pb_row column_structure=\u00bb1_3,1_3,1_3&#8243; _builder_version=\u00bb4.2.2&#8243;][et_pb_column type=\u00bb1_3&#8243; _builder_version=\u00bb4.2.2&#8243;][et_pb_text _builder_version=\u00bb4.2.2&#8243; z_index_tablet=\u00bb500&#8243; box_shadow_style=\u00bbpreset2&#8243;]<\/p>\n<p><img loading=\"lazy\" decoding=\"async\" class=\"aligncenter wp-image-845 size-full\" src=\"https:\/\/seedomatic.es\/wp-content\/uploads\/2020\/01\/WALLOFFAMEENERO2020.png\" alt=\"\" width=\"436\" height=\"409\" \/><\/p>\n<p>[\/et_pb_text][et_pb_text _builder_version=\u00bb4.4.6&#8243; z_index_tablet=\u00bb500&#8243; box_shadow_style=\u00bbpreset2&#8243;]<\/p>\n<p><img loading=\"lazy\" decoding=\"async\" class=\"wp-image-884 aligncenter size-full\" src=\"https:\/\/seedomatic.es\/wp-content\/uploads\/2020\/05\/WALLOFFAMEABRIL2020.png\" alt=\"\" width=\"436\" height=\"409\" \/><\/p>\n<p>[\/et_pb_text][et_pb_text _builder_version=\u00bb4.6.5&#8243; z_index_tablet=\u00bb500&#8243; box_shadow_style=\u00bbpreset2&#8243;]<\/p>\n<p><img loading=\"lazy\" decoding=\"async\" class=\"wp-image-895 aligncenter size-full\" src=\"https:\/\/seedomatic.es\/wp-content\/uploads\/2020\/09\/WALLOFFAMEJulio2020.png\" alt=\"\" width=\"436\" height=\"409\" \/><\/p>\n<p>[\/et_pb_text][\/et_pb_column][et_pb_column type=\u00bb1_3&#8243; _builder_version=\u00bb4.2.2&#8243;][et_pb_text _builder_version=\u00bb4.2.2&#8243; z_index_tablet=\u00bb500&#8243; box_shadow_style=\u00bbpreset2&#8243;]<\/p>\n<p><img loading=\"lazy\" decoding=\"async\" class=\"aligncenter wp-image-851 size-full\" src=\"https:\/\/seedomatic.es\/wp-content\/uploads\/2020\/04\/WALLOFFAMEFEBRERO2020.png\" alt=\"\" width=\"436\" height=\"409\" \/><\/p>\n<p>[\/et_pb_text][et_pb_text _builder_version=\u00bb4.4.6&#8243; z_index_tablet=\u00bb500&#8243; box_shadow_style=\u00bbpreset2&#8243;]<\/p>\n<p><img loading=\"lazy\" decoding=\"async\" class=\"wp-image-888 aligncenter size-full\" src=\"https:\/\/seedomatic.es\/wp-content\/uploads\/2020\/06\/WALLOFFAMEMayo2020.png\" alt=\"\" width=\"436\" height=\"409\" \/><\/p>\n<p>[\/et_pb_text][et_pb_text _builder_version=\u00bb4.6.5&#8243; z_index_tablet=\u00bb500&#8243; box_shadow_style=\u00bbpreset2&#8243;]<\/p>\n<p><img loading=\"lazy\" decoding=\"async\" class=\"wp-image-900 aligncenter size-full\" src=\"https:\/\/seedomatic.es\/wp-content\/uploads\/2020\/10\/WALLOFFAMEAgosto2020.png\" alt=\"\" width=\"436\" height=\"409\" \/><\/p>\n<p>[\/et_pb_text][\/et_pb_column][et_pb_column type=\u00bb1_3&#8243; _builder_version=\u00bb4.2.2&#8243;][et_pb_text _builder_version=\u00bb4.2.2&#8243; z_index_tablet=\u00bb500&#8243; box_shadow_style=\u00bbpreset2&#8243;]<\/p>\n<p><img loading=\"lazy\" decoding=\"async\" class=\"aligncenter wp-image-858 size-full\" src=\"https:\/\/seedomatic.es\/wp-content\/uploads\/2020\/04\/WALLOFFAMEMARZO2020-1.png\" alt=\"\" width=\"436\" height=\"409\" \/><\/p>\n<p>[\/et_pb_text][et_pb_text _builder_version=\u00bb4.4.6&#8243; z_index_tablet=\u00bb500&#8243; box_shadow_style=\u00bbpreset2&#8243;]<\/p>\n<p><img loading=\"lazy\" decoding=\"async\" class=\"wp-image-891 aligncenter size-full\" src=\"https:\/\/seedomatic.es\/wp-content\/uploads\/2020\/07\/WALLOFFAMEJunio2020.png\" alt=\"\" width=\"436\" height=\"409\" \/><\/p>\n<p>[\/et_pb_text][et_pb_text _builder_version=\u00bb4.6.5&#8243; hover_enabled=\u00bb0&#8243; z_index_tablet=\u00bb500&#8243; box_shadow_style=\u00bbpreset2&#8243; sticky_enabled=\u00bb0&#8243;]<\/p>\n<p><img loading=\"lazy\" decoding=\"async\" class=\"wp-image-904 aligncenter size-full\" src=\"https:\/\/seedomatic.es\/wp-content\/uploads\/2020\/10\/WALLOFFAMESeptiembre2020.png\" alt=\"\" width=\"436\" height=\"409\" \/><\/p>\n<p>[\/et_pb_text][\/et_pb_column][\/et_pb_row][et_pb_row _builder_version=\u00bb4.2.2&#8243;][et_pb_column type=\u00bb4_4&#8243; _builder_version=\u00bb4.2.2&#8243;][et_pb_text _builder_version=\u00bb4.2.2&#8243;]<\/p>\n<h1 style=\"text-align: center;\"><strong>M\u00c1S VENDIDAS <\/strong><strong>2019<\/strong><\/h1>\n<p>[\/et_pb_text][\/et_pb_column][\/et_pb_row][et_pb_row column_structure=\u00bb1_3,1_3,1_3&#8243; _builder_version=\u00bb3.25&#8243; background_size=\u00bbinitial\u00bb background_position=\u00bbtop_left\u00bb background_repeat=\u00bbrepeat\u00bb][et_pb_column type=\u00bb1_3&#8243; _builder_version=\u00bb3.25&#8243; custom_padding=\u00bb|||\u00bb custom_padding__hover=\u00bb|||\u00bb][et_pb_text _builder_version=\u00bb3.27.4&#8243; box_shadow_style=\u00bbpreset2&#8243;]<\/p>\n<p><img loading=\"lazy\" decoding=\"async\" class=\"aligncenter size-full wp-image-786\" src=\"https:\/\/seedomatic.es\/wp-content\/uploads\/2019\/03\/WALLOFFAMEENERO2019.png\" alt=\"\" width=\"436\" height=\"409\" \/><\/p>\n<p>[\/et_pb_text][et_pb_text _builder_version=\u00bb3.27.4&#8243; z_index_tablet=\u00bb500&#8243; box_shadow_style=\u00bbpreset2&#8243;]<\/p>\n<p><img loading=\"lazy\" decoding=\"async\" class=\"aligncenter size-full wp-image-794\" src=\"https:\/\/seedomatic.es\/wp-content\/uploads\/2019\/05\/WALLOFFAMEABRIL2019.png\" alt=\"\" width=\"436\" height=\"409\" \/><\/p>\n<p>[\/et_pb_text][et_pb_text _builder_version=\u00bb3.27.4&#8243; z_index_tablet=\u00bb500&#8243; box_shadow_style=\u00bbpreset2&#8243;]<\/p>\n<p><img loading=\"lazy\" decoding=\"async\" class=\"aligncenter size-full wp-image-818\" src=\"https:\/\/seedomatic.es\/wp-content\/uploads\/2019\/08\/WALLOFFAMEJULIO2019.png\" alt=\"\" width=\"436\" height=\"409\" \/><\/p>\n<p>[\/et_pb_text][et_pb_text _builder_version=\u00bb3.29.3&#8243; z_index_tablet=\u00bb500&#8243; box_shadow_style=\u00bbpreset2&#8243;]<\/p>\n<p><img loading=\"lazy\" decoding=\"async\" class=\"aligncenter wp-image-833 size-full\" src=\"https:\/\/seedomatic.es\/wp-content\/uploads\/2020\/01\/WALLOFFAMEOCTUBRE2019.png\" alt=\"\" width=\"436\" height=\"409\" \/><\/p>\n<p>[\/et_pb_text][\/et_pb_column][et_pb_column type=\u00bb1_3&#8243; _builder_version=\u00bb3.25&#8243; custom_padding=\u00bb|||\u00bb custom_padding__hover=\u00bb|||\u00bb][et_pb_text _builder_version=\u00bb3.27.4&#8243; box_shadow_style=\u00bbpreset2&#8243;]<\/p>\n<p><img loading=\"lazy\" decoding=\"async\" class=\"aligncenter size-full wp-image-788\" src=\"https:\/\/seedomatic.es\/wp-content\/uploads\/2019\/03\/WALLOFFAMEFEBRERO2019.png\" alt=\"\" width=\"436\" height=\"409\" \/><\/p>\n<p>[\/et_pb_text][et_pb_text _builder_version=\u00bb3.27.4&#8243; z_index_tablet=\u00bb500&#8243; box_shadow_style=\u00bbpreset2&#8243;]<\/p>\n<p><img loading=\"lazy\" decoding=\"async\" class=\"aligncenter size-full wp-image-815\" src=\"https:\/\/seedomatic.es\/wp-content\/uploads\/2019\/07\/WALLOFFAMEMAYO2019.png\" alt=\"7 millions seeds Gorilla Cookies\" width=\"436\" height=\"409\" \/><\/p>\n<p>[\/et_pb_text][et_pb_text _builder_version=\u00bb3.29.3&#8243; z_index_tablet=\u00bb500&#8243; box_shadow_style=\u00bbpreset2&#8243;]<\/p>\n<p><img loading=\"lazy\" decoding=\"async\" class=\"aligncenter wp-image-822 size-full\" src=\"https:\/\/seedomatic.es\/wp-content\/uploads\/2019\/09\/WALLOFFAMEAGOSTO2019.png\" alt=\"\" width=\"436\" height=\"409\" \/><\/p>\n<p>[\/et_pb_text][et_pb_text _builder_version=\u00bb3.29.3&#8243; z_index_tablet=\u00bb500&#8243; box_shadow_style=\u00bbpreset2&#8243;]<\/p>\n<p><img loading=\"lazy\" decoding=\"async\" class=\"aligncenter wp-image-834 size-full\" src=\"https:\/\/seedomatic.es\/wp-content\/uploads\/2020\/01\/WALLOFFAMEnoviembre2019.png\" alt=\"\" width=\"436\" height=\"409\" \/><\/p>\n<p>[\/et_pb_text][\/et_pb_column][et_pb_column type=\u00bb1_3&#8243; _builder_version=\u00bb3.25&#8243; custom_padding=\u00bb|||\u00bb custom_padding__hover=\u00bb|||\u00bb][et_pb_text _builder_version=\u00bb3.27.4&#8243; box_shadow_style=\u00bbpreset2&#8243;]<\/p>\n<p><img loading=\"lazy\" decoding=\"async\" class=\"aligncenter size-full wp-image-791\" src=\"https:\/\/seedomatic.es\/wp-content\/uploads\/2019\/04\/WALLOFFAMEMARZO2019.png\" alt=\"\" width=\"436\" height=\"409\" \/><\/p>\n<p>[\/et_pb_text][et_pb_text _builder_version=\u00bb3.27.4&#8243; z_index_tablet=\u00bb500&#8243; box_shadow_style=\u00bbpreset2&#8243;]<\/p>\n<p><img loading=\"lazy\" decoding=\"async\" class=\"aligncenter size-full wp-image-814\" src=\"https:\/\/seedomatic.es\/wp-content\/uploads\/2019\/07\/WALLOFFAMEJUNIO2019.png\" alt=\"\" width=\"436\" height=\"409\" \/><\/p>\n<p>[\/et_pb_text][et_pb_text _builder_version=\u00bb3.29.3&#8243; z_index_tablet=\u00bb500&#8243; box_shadow_style=\u00bbpreset2&#8243;]<\/p>\n<p><img loading=\"lazy\" decoding=\"async\" class=\"wp-image-827 aligncenter size-full\" src=\"https:\/\/seedomatic.es\/wp-content\/uploads\/2019\/10\/WALLOFFAMESEPTIEMBRE2019-1.png\" alt=\"\" width=\"436\" height=\"409\" \/><\/p>\n<p>[\/et_pb_text][et_pb_text _builder_version=\u00bb4.2.2&#8243; z_index_tablet=\u00bb500&#8243; box_shadow_style=\u00bbpreset2&#8243;]<\/p>\n<p><img loading=\"lazy\" decoding=\"async\" class=\"aligncenter wp-image-838 size-full\" src=\"https:\/\/seedomatic.es\/wp-content\/uploads\/2020\/01\/WALLOFFAMEDICIEMBRE2019.png\" alt=\"\" width=\"436\" height=\"409\" \/><\/p>\n<p>[\/et_pb_text][\/et_pb_column][\/et_pb_row][et_pb_row _builder_version=\u00bb4.2.2&#8243;][et_pb_column type=\u00bb4_4&#8243; _builder_version=\u00bb4.2.2&#8243;][et_pb_text _builder_version=\u00bb4.2.2&#8243;]<\/p>\n<h1 style=\"text-align: center;\"><strong>M\u00c1S VENDIDAS <\/strong><strong>2018<\/strong><\/h1>\n<p>[\/et_pb_text][\/et_pb_column][\/et_pb_row][et_pb_row column_structure=\u00bb1_3,1_3,1_3&#8243; _builder_version=\u00bb3.25&#8243; background_size=\u00bbinitial\u00bb background_position=\u00bbtop_left\u00bb background_repeat=\u00bbrepeat\u00bb][et_pb_column type=\u00bb1_3&#8243; _builder_version=\u00bb3.25&#8243; custom_padding=\u00bb|||\u00bb custom_padding__hover=\u00bb|||\u00bb][et_pb_text _builder_version=\u00bb3.27.4&#8243; box_shadow_style=\u00bbpreset2&#8243;]<\/p>\n<p>\n<img loading=\"lazy\" decoding=\"async\" class=\"alignnone size-full wp-image-756 aligncenter\" src=\"https:\/\/seedomatic.es\/wp-content\/uploads\/2018\/09\/WALLOFFAMEJUNIO2018.png\" alt=\"\" width=\"436\" height=\"409\" \/><\/p>\n<p>[\/et_pb_text][et_pb_text _builder_version=\u00bb3.27.4&#8243; box_shadow_style=\u00bbpreset2&#8243;]<\/p>\n<p>\n<img loading=\"lazy\" decoding=\"async\" class=\"alignnone size-full wp-image-765 aligncenter\" src=\"https:\/\/seedomatic.es\/wp-content\/uploads\/2018\/10\/WALLOFFAMESEPTIEMBRE2018.png\" alt=\"\" width=\"436\" height=\"409\" \/><\/p>\n<p>[\/et_pb_text][et_pb_text _builder_version=\u00bb3.27.4&#8243; box_shadow_style=\u00bbpreset2&#8243;]<\/p>\n<p><img loading=\"lazy\" decoding=\"async\" class=\"aligncenter size-full wp-image-783\" src=\"https:\/\/seedomatic.es\/wp-content\/uploads\/2019\/03\/WALLOFFAMEDICIEMBRE2018.png\" alt=\"\" width=\"436\" height=\"409\" \/><\/p>\n<p>[\/et_pb_text][\/et_pb_column][et_pb_column type=\u00bb1_3&#8243; _builder_version=\u00bb3.25&#8243; custom_padding=\u00bb|||\u00bb custom_padding__hover=\u00bb|||\u00bb][et_pb_text _builder_version=\u00bb3.27.4&#8243; box_shadow_style=\u00bbpreset2&#8243;]<\/p>\n<p>\n<img loading=\"lazy\" decoding=\"async\" class=\"alignnone size-full wp-image-755 aligncenter\" src=\"https:\/\/seedomatic.es\/wp-content\/uploads\/2018\/09\/WALLOFFAMEJULIO2018.png\" alt=\"\" width=\"436\" height=\"409\" \/><\/p>\n<p>[\/et_pb_text][et_pb_text _builder_version=\u00bb3.27.4&#8243; box_shadow_style=\u00bbpreset2&#8243;]<\/p>\n<p>\n<img loading=\"lazy\" decoding=\"async\" class=\"alignnone size-full wp-image-770 aligncenter\" src=\"https:\/\/seedomatic.es\/wp-content\/uploads\/2018\/11\/WALLOFFAMEOCTUBRE2018.png\" alt=\"\" width=\"436\" height=\"409\" \/><\/p>\n<p>[\/et_pb_text][\/et_pb_column][et_pb_column type=\u00bb1_3&#8243; _builder_version=\u00bb3.25&#8243; custom_padding=\u00bb|||\u00bb custom_padding__hover=\u00bb|||\u00bb][et_pb_text _builder_version=\u00bb3.27.4&#8243; box_shadow_style=\u00bbpreset2&#8243;]<\/p>\n<p>\n<img loading=\"lazy\" decoding=\"async\" class=\"alignnone size-full wp-image-758 aligncenter\" src=\"https:\/\/seedomatic.es\/wp-content\/uploads\/2018\/09\/WALLOFFAMEAGOSTO2018.png\" alt=\"\" width=\"436\" height=\"409\" \/><\/p>\n<p>[\/et_pb_text][et_pb_text _builder_version=\u00bb3.27.4&#8243; box_shadow_style=\u00bbpreset2&#8243;]<\/p>\n<p><img loading=\"lazy\" decoding=\"async\" class=\"alignnone size-full wp-image-775 aligncenter\" src=\"https:\/\/seedomatic.es\/wp-content\/uploads\/2018\/12\/WALLOFFAMENOVIEMBRE2018.png\" alt=\"\" width=\"436\" height=\"409\" \/><\/p>\n<p>[\/et_pb_text][\/et_pb_column][\/et_pb_row][\/et_pb_section]<\/p>\n","protected":false},"excerpt":{"rendered":"<p>M\u00c1S VENDIDAS 2020 M\u00c1S VENDIDAS 2019 M\u00c1S VENDIDAS 2018<\/p>\n","protected":false},"author":1,"featured_media":0,"parent":0,"menu_order":0,"comment_status":"closed","ping_status":"closed","template":"","meta":{"_et_pb_use_builder":"on","_et_pb_old_content":"","_et_gb_content_width":"","footnotes":""},"class_list":["post-746","page","type-page","status-publish","hentry"],"_links":{"self":[{"href":"https:\/\/seedomatic.es\/index.php?rest_route=\/wp\/v2\/pages\/746","targetHints":{"allow":["GET"]}}],"collection":[{"href":"https:\/\/seedomatic.es\/index.php?rest_route=\/wp\/v2\/pages"}],"about":[{"href":"https:\/\/seedomatic.es\/index.php?rest_route=\/wp\/v2\/types\/page"}],"author":[{"embeddable":true,"href":"https:\/\/seedomatic.es\/index.php?rest_route=\/wp\/v2\/users\/1"}],"replies":[{"embeddable":true,"href":"https:\/\/seedomatic.es\/index.php?rest_route=%2Fwp%2Fv2%2Fcomments&post=746"}],"version-history":[{"count":47,"href":"https:\/\/seedomatic.es\/index.php?rest_route=\/wp\/v2\/pages\/746\/revisions"}],"predecessor-version":[{"id":905,"href":"https:\/\/seedomatic.es\/index.php?rest_route=\/wp\/v2\/pages\/746\/revisions\/905"}],"wp:attachment":[{"href":"https:\/\/seedomatic.es\/index.php?rest_route=%2Fwp%2Fv2%2Fmedia&parent=746"}],"curies":[{"name":"wp","href":"https:\/\/api.w.org\/{rel}","templated":true}]}}